{"id":4187,"date":"2022-06-01T18:45:41","date_gmt":"2022-06-01T16:45:41","guid":{"rendered":"https:\/\/www.rhm-rohstoffe.de\/imprint\/"},"modified":"2025-11-03T12:41:24","modified_gmt":"2025-11-03T11:41:24","slug":"imprint","status":"publish","type":"page","link":"https:\/\/www.rhm-rohstoffe.de\/en\/imprint\/","title":{"rendered":"Imprint"},"content":{"rendered":"<p>[et_pb_section fb_built=&#8221;1&#8243; _builder_version=&#8221;4.16&#8243; _module_preset=&#8221;default&#8221; global_colors_info=&#8221;{}&#8221;][et_pb_row column_structure=&#8221;2_5,3_5&#8243; _builder_version=&#8221;4.16&#8243; _module_preset=&#8221;default&#8221; global_colors_info=&#8221;{}&#8221;][et_pb_column type=&#8221;2_5&#8243; _builder_version=&#8221;4.16&#8243; _module_preset=&#8221;default&#8221; global_colors_info=&#8221;{}&#8221;][et_pb_text _builder_version=&#8221;4.25.1&#8243; _module_preset=&#8221;default&#8221; global_colors_info=&#8221;{}&#8221;]<\/p>\n<p><strong>RHM<\/strong><span> <\/span>Rohstoff-Handelsgesellschaft mbH<br \/>Rheinstra\u00dfe 141<br \/>45478 M\u00fclheim an der Ruhr<\/p>\n<p>&nbsp;<\/p>\n<p>Managing Directors:<br \/>Udo Meynerts<br \/>Wilhelm B\u00f6tzel<br \/>Michael Mett<\/p>\n<p>&nbsp;<\/p>\n<p>Fon +49 208 99924-0<br \/>Fax +49 208 99924-15<\/p>\n<p><a href=\"mailto:info@rhm-rohstoffe.de\">info@rhm-rohstoffe.de<\/a><br \/><a href=\"http:\/\/www.rhm-rohstoffe.de\/\">www.rhm-rohstoffe.de<\/a><\/p>\n<p>&nbsp;<\/p>\n<p>Headquarter: 45478 M\u00fclheim a.d. Ruhr, Germany<br \/>Duisburg Local Court, HRB 15217<br \/>VAT ID No. DE 123 061 522<\/p>\n<p>[\/et_pb_text][et_pb_text _builder_version=&#8221;4.16&#8243; _module_preset=&#8221;default&#8221; border_width_top=&#8221;1px&#8221; global_colors_info=&#8221;{}&#8221;]<b>WordPress by: <a href=\"https:\/\/www.mmk.gallery\">MMK GALLERY<\/a><br \/>\nPhoto \/ Design by: <a href=\"https:\/\/www.christiankampschroer.de\/\">Christian Kampsch\u00f6er<\/a><\/b>[\/et_pb_text][\/et_pb_column][et_pb_column type=&#8221;3_5&#8243; _builder_version=&#8221;4.16&#8243; _module_preset=&#8221;default&#8221; global_colors_info=&#8221;{}&#8221;][et_pb_text _builder_version=&#8221;4.16&#8243; _module_preset=&#8221;default&#8221; global_colors_info=&#8221;{}&#8221;]<\/p>\n<h2>DISCLAIMER<\/h2>\n<p>&nbsp;<\/p>\n<h3>LEGAL VALIDITY OF THIS DISCLAIMER<\/h3>\n<p>This disclaimer forms part of the internet offer from which reference to this web page was made.<\/p>\n<p>Should parts or individual elements of this text not, no longer or not fully represent the applicable legal situation, the remaining parts of the document shall remain unaffected.<\/p>\n<p>&nbsp;<\/p>\n<h3>COPYRIGHT AND TRADEMARK LAW<\/h3>\n<p>The author endeavours to observe the copyrights of the graphics, sound documents, video sequences and texts used in all publications, to use graphics, sound documents, video sequences and texts created by himself or to use license-free graphics, sound documents, video sequences and texts.<\/p>\n<p>All trademarks and brand names mentioned in the internet offer and, where applicable, owned by third parties are subject without restriction to the provisions of applicable trademark law and the ownership rights of the registered owners.<\/p>\n<p>As a result of the mere mention, the conclusion should not be drawn that trademarks are not protected by the rights of third parties!<\/p>\n<p>The copyright for published material created by the author remains the property of the author of the web pages.<\/p>\n<p>Any reproduction or use of such graphics, sound recordings, video sequences and text in other electronic or printed publication is not permitted without the express permission of the author.<\/p>\n<p>&nbsp;<\/p>\n<p>RHM Rohstoff-Handelsgesellschaft mbH | Rheinstra\u00dfe 141 | D-45478 M\u00fclheim an der Ruhr (Germany) | info@rhm-rohstoffe.de<\/p>\n<p>[\/et_pb_text][\/et_pb_column][\/et_pb_row][\/et_pb_section]<\/p>\n","protected":false},"excerpt":{"rendered":"<p>RHM Rohstoff-Handelsgesellschaft mbHRheinstra\u00dfe 14145478 M\u00fclheim an der Ruhr &nbsp; Managing Directors:Udo MeynertsWilhelm B\u00f6tzelMichael Mett &nbsp; Fon +49 208 99924-0Fax +49 208 99924-15 info@rhm-rohstoffe.dewww.rhm-rohstoffe.de &nbsp; Headquarter: 45478 M\u00fclheim a.d. Ruhr, GermanyDuisburg Local Court, HRB 15217VAT ID No. DE 123 061 522WordPress by: MMK GALLERY Photo \/ Design by: Christian Kampsch\u00f6erDISCLAIMER &nbsp; LEGAL VALIDITY OF THIS DISCLAIMER [&hellip;]<\/p>\n","protected":false},"author":4,"featured_media":0,"parent":0,"menu_order":0,"comment_status":"closed","ping_status":"closed","template":"","meta":{"_et_pb_use_builder":"on","_et_pb_old_content":"","_et_gb_content_width":"","footnotes":""},"class_list":["post-4187","page","type-page","status-publish","hentry"],"yoast_head":"<!-- This site is optimized with the Yoast SEO plugin v27.3 - https:\/\/yoast.com\/product\/yoast-seo-wordpress\/ -->\n<title>Imprint - RHM Die Rohstoffh\u00e4ndler<\/title>\n<meta name=\"robots\" content=\"index, follow, max-snippet:-1, max-image-preview:large, max-video-preview:-1\" \/>\n<link rel=\"canonical\" href=\"https:\/\/www.rhm-rohstoffe.de\/en\/imprint\/\" \/>\n<meta property=\"og:locale\" content=\"en_US\" \/>\n<meta property=\"og:type\" content=\"article\" \/>\n<meta property=\"og:title\" content=\"Imprint - RHM Die Rohstoffh\u00e4ndler\" \/>\n<meta property=\"og:description\" content=\"RHM Rohstoff-Handelsgesellschaft mbHRheinstra\u00dfe 14145478 M\u00fclheim an der Ruhr &nbsp; Managing Directors:Udo MeynertsWilhelm B\u00f6tzelMichael Mett &nbsp; Fon +49 208 99924-0Fax +49 208 99924-15 info@rhm-rohstoffe.dewww.rhm-rohstoffe.de &nbsp; Headquarter: 45478 M\u00fclheim a.d. Ruhr, GermanyDuisburg Local Court, HRB 15217VAT ID No. DE 123 061 522WordPress by: MMK GALLERY Photo \/ Design by: Christian Kampsch\u00f6erDISCLAIMER &nbsp; LEGAL VALIDITY OF THIS DISCLAIMER [&hellip;]\" \/>\n<meta property=\"og:url\" content=\"https:\/\/www.rhm-rohstoffe.de\/en\/imprint\/\" \/>\n<meta property=\"og:site_name\" content=\"RHM Die Rohstoffh\u00e4ndler\" \/>\n<meta property=\"article:modified_time\" content=\"2025-11-03T11:41:24+00:00\" \/>\n<meta name=\"twitter:card\" content=\"summary_large_image\" \/>\n<meta name=\"twitter:label1\" content=\"Est. reading time\" \/>\n\t<meta name=\"twitter:data1\" content=\"2 minutes\" \/>\n<script type=\"application\/ld+json\" class=\"yoast-schema-graph\">{\"@context\":\"https:\\\/\\\/schema.org\",\"@graph\":[{\"@type\":\"WebPage\",\"@id\":\"https:\\\/\\\/www.rhm-rohstoffe.de\\\/en\\\/imprint\\\/\",\"url\":\"https:\\\/\\\/www.rhm-rohstoffe.de\\\/en\\\/imprint\\\/\",\"name\":\"Imprint - RHM Die Rohstoffh\u00e4ndler\",\"isPartOf\":{\"@id\":\"https:\\\/\\\/www.rhm-rohstoffe.de\\\/#website\"},\"datePublished\":\"2022-06-01T16:45:41+00:00\",\"dateModified\":\"2025-11-03T11:41:24+00:00\",\"breadcrumb\":{\"@id\":\"https:\\\/\\\/www.rhm-rohstoffe.de\\\/en\\\/imprint\\\/#breadcrumb\"},\"inLanguage\":\"en-US\",\"potentialAction\":[{\"@type\":\"ReadAction\",\"target\":[\"https:\\\/\\\/www.rhm-rohstoffe.de\\\/en\\\/imprint\\\/\"]}]},{\"@type\":\"BreadcrumbList\",\"@id\":\"https:\\\/\\\/www.rhm-rohstoffe.de\\\/en\\\/imprint\\\/#breadcrumb\",\"itemListElement\":[{\"@type\":\"ListItem\",\"position\":1,\"name\":\"Startseite\",\"item\":\"https:\\\/\\\/www.rhm-rohstoffe.de\\\/\"},{\"@type\":\"ListItem\",\"position\":2,\"name\":\"Imprint\"}]},{\"@type\":\"WebSite\",\"@id\":\"https:\\\/\\\/www.rhm-rohstoffe.de\\\/#website\",\"url\":\"https:\\\/\\\/www.rhm-rohstoffe.de\\\/\",\"name\":\"RHM Die Rohstoffh\u00e4ndler\",\"description\":\"RHM steht f\u00fcr Rohstoffe &amp; Reststoffe &amp; Recycling\",\"publisher\":{\"@id\":\"https:\\\/\\\/www.rhm-rohstoffe.de\\\/#organization\"},\"potentialAction\":[{\"@type\":\"SearchAction\",\"target\":{\"@type\":\"EntryPoint\",\"urlTemplate\":\"https:\\\/\\\/www.rhm-rohstoffe.de\\\/?s={search_term_string}\"},\"query-input\":{\"@type\":\"PropertyValueSpecification\",\"valueRequired\":true,\"valueName\":\"search_term_string\"}}],\"inLanguage\":\"en-US\"},{\"@type\":\"Organization\",\"@id\":\"https:\\\/\\\/www.rhm-rohstoffe.de\\\/#organization\",\"name\":\"RHM Rohstoff-Handelsgesellschaft mbH\",\"url\":\"https:\\\/\\\/www.rhm-rohstoffe.de\\\/\",\"logo\":{\"@type\":\"ImageObject\",\"inLanguage\":\"en-US\",\"@id\":\"https:\\\/\\\/www.rhm-rohstoffe.de\\\/#\\\/schema\\\/logo\\\/image\\\/\",\"url\":\"https:\\\/\\\/www.rhm-rohstoffe.de\\\/wp-content\\\/uploads\\\/cropped-cropped-rhmlogo540.png\",\"contentUrl\":\"https:\\\/\\\/www.rhm-rohstoffe.de\\\/wp-content\\\/uploads\\\/cropped-cropped-rhmlogo540.png\",\"width\":539,\"height\":188,\"caption\":\"RHM Rohstoff-Handelsgesellschaft mbH\"},\"image\":{\"@id\":\"https:\\\/\\\/www.rhm-rohstoffe.de\\\/#\\\/schema\\\/logo\\\/image\\\/\"}}]}<\/script>\n<!-- \/ Yoast SEO plugin. -->","yoast_head_json":{"title":"Imprint - RHM Die Rohstoffh\u00e4ndler","robots":{"index":"index","follow":"follow","max-snippet":"max-snippet:-1","max-image-preview":"max-image-preview:large","max-video-preview":"max-video-preview:-1"},"canonical":"https:\/\/www.rhm-rohstoffe.de\/en\/imprint\/","og_locale":"en_US","og_type":"article","og_title":"Imprint - RHM Die Rohstoffh\u00e4ndler","og_description":"RHM Rohstoff-Handelsgesellschaft mbHRheinstra\u00dfe 14145478 M\u00fclheim an der Ruhr &nbsp; Managing Directors:Udo MeynertsWilhelm B\u00f6tzelMichael Mett &nbsp; Fon +49 208 99924-0Fax +49 208 99924-15 info@rhm-rohstoffe.dewww.rhm-rohstoffe.de &nbsp; Headquarter: 45478 M\u00fclheim a.d. Ruhr, GermanyDuisburg Local Court, HRB 15217VAT ID No. DE 123 061 522WordPress by: MMK GALLERY Photo \/ Design by: Christian Kampsch\u00f6erDISCLAIMER &nbsp; LEGAL VALIDITY OF THIS DISCLAIMER [&hellip;]","og_url":"https:\/\/www.rhm-rohstoffe.de\/en\/imprint\/","og_site_name":"RHM Die Rohstoffh\u00e4ndler","article_modified_time":"2025-11-03T11:41:24+00:00","twitter_card":"summary_large_image","twitter_misc":{"Est. reading time":"2 minutes"},"schema":{"@context":"https:\/\/schema.org","@graph":[{"@type":"WebPage","@id":"https:\/\/www.rhm-rohstoffe.de\/en\/imprint\/","url":"https:\/\/www.rhm-rohstoffe.de\/en\/imprint\/","name":"Imprint - RHM Die Rohstoffh\u00e4ndler","isPartOf":{"@id":"https:\/\/www.rhm-rohstoffe.de\/#website"},"datePublished":"2022-06-01T16:45:41+00:00","dateModified":"2025-11-03T11:41:24+00:00","breadcrumb":{"@id":"https:\/\/www.rhm-rohstoffe.de\/en\/imprint\/#breadcrumb"},"inLanguage":"en-US","potentialAction":[{"@type":"ReadAction","target":["https:\/\/www.rhm-rohstoffe.de\/en\/imprint\/"]}]},{"@type":"BreadcrumbList","@id":"https:\/\/www.rhm-rohstoffe.de\/en\/imprint\/#breadcrumb","itemListElement":[{"@type":"ListItem","position":1,"name":"Startseite","item":"https:\/\/www.rhm-rohstoffe.de\/"},{"@type":"ListItem","position":2,"name":"Imprint"}]},{"@type":"WebSite","@id":"https:\/\/www.rhm-rohstoffe.de\/#website","url":"https:\/\/www.rhm-rohstoffe.de\/","name":"RHM Die Rohstoffh\u00e4ndler","description":"RHM steht f\u00fcr Rohstoffe &amp; Reststoffe &amp; Recycling","publisher":{"@id":"https:\/\/www.rhm-rohstoffe.de\/#organization"},"potentialAction":[{"@type":"SearchAction","target":{"@type":"EntryPoint","urlTemplate":"https:\/\/www.rhm-rohstoffe.de\/?s={search_term_string}"},"query-input":{"@type":"PropertyValueSpecification","valueRequired":true,"valueName":"search_term_string"}}],"inLanguage":"en-US"},{"@type":"Organization","@id":"https:\/\/www.rhm-rohstoffe.de\/#organization","name":"RHM Rohstoff-Handelsgesellschaft mbH","url":"https:\/\/www.rhm-rohstoffe.de\/","logo":{"@type":"ImageObject","inLanguage":"en-US","@id":"https:\/\/www.rhm-rohstoffe.de\/#\/schema\/logo\/image\/","url":"https:\/\/www.rhm-rohstoffe.de\/wp-content\/uploads\/cropped-cropped-rhmlogo540.png","contentUrl":"https:\/\/www.rhm-rohstoffe.de\/wp-content\/uploads\/cropped-cropped-rhmlogo540.png","width":539,"height":188,"caption":"RHM Rohstoff-Handelsgesellschaft mbH"},"image":{"@id":"https:\/\/www.rhm-rohstoffe.de\/#\/schema\/logo\/image\/"}}]}},"_links":{"self":[{"href":"https:\/\/www.rhm-rohstoffe.de\/en\/wp-json\/wp\/v2\/pages\/4187","targetHints":{"allow":["GET"]}}],"collection":[{"href":"https:\/\/www.rhm-rohstoffe.de\/en\/wp-json\/wp\/v2\/pages"}],"about":[{"href":"https:\/\/www.rhm-rohstoffe.de\/en\/wp-json\/wp\/v2\/types\/page"}],"author":[{"embeddable":true,"href":"https:\/\/www.rhm-rohstoffe.de\/en\/wp-json\/wp\/v2\/users\/4"}],"replies":[{"embeddable":true,"href":"https:\/\/www.rhm-rohstoffe.de\/en\/wp-json\/wp\/v2\/comments?post=4187"}],"version-history":[{"count":19,"href":"https:\/\/www.rhm-rohstoffe.de\/en\/wp-json\/wp\/v2\/pages\/4187\/revisions"}],"predecessor-version":[{"id":5191,"href":"https:\/\/www.rhm-rohstoffe.de\/en\/wp-json\/wp\/v2\/pages\/4187\/revisions\/5191"}],"wp:attachment":[{"href":"https:\/\/www.rhm-rohstoffe.de\/en\/wp-json\/wp\/v2\/media?parent=4187"}],"curies":[{"name":"wp","href":"https:\/\/api.w.org\/{rel}","templated":true}]}}